{"id":1031,"date":"2021-07-22T15:56:21","date_gmt":"2021-07-22T15:56:21","guid":{"rendered":"http:\/\/isce.com.pe\/?page_id=1031"},"modified":"2021-07-22T15:57:29","modified_gmt":"2021-07-22T15:57:29","slug":"nosotros","status":"publish","type":"page","link":"https:\/\/isce.com.pe\/index.php\/nosotros\/","title":{"rendered":"NOSOTROS"},"content":{"rendered":"<div class=\"wpb-content-wrapper\">[vc_row][vc_column][vc_custom_heading text=&#8221;\u00bfPORQUE CONFIAR EN NOSOTROS?<br \/>\n&#8221; font_container=&#8221;tag:h2|text_align:left|color:%23dd9933&#8243;][\/vc_column][\/vc_row][vc_row][vc_column width=&#8221;1\/2&#8243;][vc_single_image image=&#8221;106&#8243;][\/vc_column][vc_column width=&#8221;1\/2&#8243;][vc_column_text]\n<p style=\"text-align: justify;\">Nos dedicamos a desarrollar e implantar soluciones de sistemas de control de presencia, accesos y producci\u00f3n, tanto en terminales de fichaje como en software de gesti\u00f3n de tiempos y fabricaci\u00f3n. Somos especialistas en sistemas biom\u00e9tricos con huella dactilar y reconocimiento facial y en sistemas con tarjeta de proximidad (RFID).<\/p>\n<p style=\"text-align: justify;\">Proporcionamos servicio t\u00e9cnico en toda Sur del Per\u00fa al disponer de oficinas en Cusco y pronto en Arequipa Quillabamba.<\/p>\n<p style=\"text-align: justify;\">En este 2014 queremos seguir evolucionando y, por ello, comenzamos el a\u00f1o trasladando nuestras dos sedes a unas mejoradas instalaciones, presentando la nueva Web y ofreciendo las v\u00edas de negocio como son las c\u00e1maras de vigilancia.<\/p>\n[\/vc_column_text][\/vc_column][\/vc_row][vc_row][vc_column][vc_custom_heading text=&#8221;ISCE COMO EMPRESA<\/p>\n<p>&#8221; font_container=&#8221;tag:h2|text_align:left|color:%23dd9933&#8243;][\/vc_column][\/vc_row][vc_row][vc_column width=&#8221;1\/2&#8243;][vc_single_image image=&#8221;114&#8243;][\/vc_column][vc_column width=&#8221;1\/2&#8243;][vc_column_text]\n<p style=\"text-align: justify;\">Para una empresa como ISCE lo m\u00e1s importante es el servicio ofrecido a los clientes. ISCE cubre una amplia gama de necesidades que aseguran una relaci\u00f3n din\u00e1mica entre empresa y cliente. Desde el principio, ISCE apuesta por la Formaci\u00f3n al Cliente, ofreciendo cursos y material did\u00e1ctico a todos aquellos clientes que lo soliciten. ISCE \u00a0tiene la posibilidad de ofrecer un servicio directo, r\u00e1pido y completo a todos los clientes .<\/p>\n[\/vc_column_text][\/vc_column][\/vc_row]\n<\/div>","protected":false},"excerpt":{"rendered":"<p>[vc_row][vc_column][vc_custom_heading text=&#8221;\u00bfPORQUE CONFIAR EN NOSOTROS? &#8221; font_container=&#8221;tag:h2|text_align:left|color:%23dd9933&#8243;][\/vc_column][\/vc_row][vc_row][vc_column width=&#8221;1\/2&#8243;][vc_single_image image=&#8221;106&#8243;][\/vc_column][vc_column width=&#8221;1\/2&#8243;][vc_column_text] Nos dedicamos a desarrollar e implantar soluciones de sistemas de control de<\/p>\n","protected":false},"author":1,"featured_media":0,"parent":0,"menu_order":0,"comment_status":"closed","ping_status":"closed","template":"","meta":{"footnotes":""},"class_list":["post-1031","page","type-page","status-publish","hentry"],"_links":{"self":[{"href":"https:\/\/isce.com.pe\/index.php\/wp-json\/wp\/v2\/pages\/1031","targetHints":{"allow":["GET"]}}],"collection":[{"href":"https:\/\/isce.com.pe\/index.php\/wp-json\/wp\/v2\/pages"}],"about":[{"href":"https:\/\/isce.com.pe\/index.php\/wp-json\/wp\/v2\/types\/page"}],"author":[{"embeddable":true,"href":"https:\/\/isce.com.pe\/index.php\/wp-json\/wp\/v2\/users\/1"}],"replies":[{"embeddable":true,"href":"https:\/\/isce.com.pe\/index.php\/wp-json\/wp\/v2\/comments?post=1031"}],"version-history":[{"count":3,"href":"https:\/\/isce.com.pe\/index.php\/wp-json\/wp\/v2\/pages\/1031\/revisions"}],"predecessor-version":[{"id":1034,"href":"https:\/\/isce.com.pe\/index.php\/wp-json\/wp\/v2\/pages\/1031\/revisions\/1034"}],"wp:attachment":[{"href":"https:\/\/isce.com.pe\/index.php\/wp-json\/wp\/v2\/media?parent=1031"}],"curies":[{"name":"wp","href":"https:\/\/api.w.org\/{rel}","templated":true}]}}