{"id":890,"date":"2018-05-02T18:48:10","date_gmt":"2018-05-02T18:48:10","guid":{"rendered":"http:\/\/isce.com.pe\/?page_id=890"},"modified":"2018-05-02T18:48:10","modified_gmt":"2018-05-02T18:48:10","slug":"capacitacion-al-personal","status":"publish","type":"page","link":"https:\/\/isce.com.pe\/index.php\/capacitacion-al-personal\/","title":{"rendered":"Capacitaci\u00f3n al Personal"},"content":{"rendered":"<div class=\"_63eu\">\n<h1 class=\"_63ew\" style=\"text-align: center;\">CAPACITACI\u00d3N APLICACION Y OPTIMIZACI\u00d3N DE DISTRIBUCI\u00d3N EN BAJA TENSI\u00d3N<\/h1>\n<\/div>\n<div>\n<div class=\"_publicProdFeedInfo__timeRowTitle _5xhk\">Jueves, 13 de julio de 2017\u00a0de\u00a019:00\u00a0a\u00a022:00<\/div>\n<\/div>\n<div><\/div>\n<p class=\"_63ep _63eq\"><a href=\"https:\/\/www.facebook.com\/events\/discovery\/?acontext=%7B%22action_history%22%3A%22[%7B%5C%22surface%5C%22%3A%5C%22permalink%5C%22%2C%5C%22mechanism%5C%22%3A%5C%22event_information%5C%22%2C%5C%22extra_data%5C%22%3A%7B%5C%22tag%5C%22%3A%5C%22Entrada%20gratis%5C%22%7D%7D]%22%2C%22has_source%22%3Atrue%7D&amp;suggestion_token=%7B%22event_flags%22%3A[%22free%22]%7D\">Entrada gratis<\/a><\/p>\n<p><img loading=\"lazy\" decoding=\"async\" class=\"aligncenter wp-image-897 size-full\" src=\"http:\/\/isce.com.pe\/wp-content\/uploads\/2018\/05\/CAPACITACI\u00d3N-APLICACION-Y-OPTIMIZACI\u00d3N-DE-DISTRIBUCI\u00d3N-EN-BAJA-TENSI\u00d3N.jpg\" alt=\"\" width=\"559\" height=\"960\" srcset=\"https:\/\/isce.com.pe\/wp-content\/uploads\/2018\/05\/CAPACITACI\u00d3N-APLICACION-Y-OPTIMIZACI\u00d3N-DE-DISTRIBUCI\u00d3N-EN-BAJA-TENSI\u00d3N.jpg 559w, https:\/\/isce.com.pe\/wp-content\/uploads\/2018\/05\/CAPACITACI\u00d3N-APLICACION-Y-OPTIMIZACI\u00d3N-DE-DISTRIBUCI\u00d3N-EN-BAJA-TENSI\u00d3N-175x300.jpg 175w, https:\/\/isce.com.pe\/wp-content\/uploads\/2018\/05\/CAPACITACI\u00d3N-APLICACION-Y-OPTIMIZACI\u00d3N-DE-DISTRIBUCI\u00d3N-EN-BAJA-TENSI\u00d3N-300x515.jpg 300w\" sizes=\"auto, (max-width: 559px) 100vw, 559px\" \/><\/p>\n","protected":false},"excerpt":{"rendered":"<p>CAPACITACI\u00d3N APLICACION Y OPTIMIZACI\u00d3N DE DISTRIBUCI\u00d3N EN BAJA TENSI\u00d3N Jueves, 13 de julio de 2017\u00a0de\u00a019:00\u00a0a\u00a022:00 Entrada gratis<\/p>\n","protected":false},"author":1,"featured_media":0,"parent":0,"menu_order":0,"comment_status":"closed","ping_status":"closed","template":"","meta":{"footnotes":""},"class_list":["post-890","page","type-page","status-publish","hentry"],"_links":{"self":[{"href":"https:\/\/isce.com.pe\/index.php\/wp-json\/wp\/v2\/pages\/890","targetHints":{"allow":["GET"]}}],"collection":[{"href":"https:\/\/isce.com.pe\/index.php\/wp-json\/wp\/v2\/pages"}],"about":[{"href":"https:\/\/isce.com.pe\/index.php\/wp-json\/wp\/v2\/types\/page"}],"author":[{"embeddable":true,"href":"https:\/\/isce.com.pe\/index.php\/wp-json\/wp\/v2\/users\/1"}],"replies":[{"embeddable":true,"href":"https:\/\/isce.com.pe\/index.php\/wp-json\/wp\/v2\/comments?post=890"}],"version-history":[{"count":3,"href":"https:\/\/isce.com.pe\/index.php\/wp-json\/wp\/v2\/pages\/890\/revisions"}],"predecessor-version":[{"id":898,"href":"https:\/\/isce.com.pe\/index.php\/wp-json\/wp\/v2\/pages\/890\/revisions\/898"}],"wp:attachment":[{"href":"https:\/\/isce.com.pe\/index.php\/wp-json\/wp\/v2\/media?parent=890"}],"curies":[{"name":"wp","href":"https:\/\/api.w.org\/{rel}","templated":true}]}}