{"id":794,"date":"2018-04-28T14:46:17","date_gmt":"2018-04-28T14:46:17","guid":{"rendered":"http:\/\/isce.com.pe\/?post_type=product&#038;p=794"},"modified":"2018-04-28T15:56:25","modified_gmt":"2018-04-28T15:56:25","slug":"dixon-7070-cable-utp-cat5e-4-pares-x-24-awg-100-350-mhz-exteriores","status":"publish","type":"product","link":"https:\/\/isce.com.pe\/index.php\/producto\/dixon-7070-cable-utp-cat5e-4-pares-x-24-awg-100-350-mhz-exteriores\/","title":{"rendered":"DIXON 7070 CABLE UTP CAT5E 4 Pares x 24 AWG 100 &#8211; 350 MHZ EXTERIORES"},"content":{"rendered":"<p><strong><span style=\"font-size: 14pt;\">DIXON 7070 CABLE UTP CAT5E<\/span> <\/strong><br \/>\n4 Pares x 24 AWG 100 &#8211; 350 MHZ<br \/>\nEXTERIORES<br \/>\n<div id=\"su_carousel_69e7d4c5e2394\" class=\"su-carousel su-carousel-centered su-carousel-pages-no su-carousel-responsive-yes su-lightbox-gallery\" style=\"width:100%\" data-autoplay=\"5300\" data-speed=\"600\" data-mousewheel=\"true\" data-items=\"3\" data-scroll=\"1\"><div class=\"su-carousel-slides\"><div class=\"su-carousel-slide\"><a href=\"https:\/\/isce.com.pe\/wp-content\/uploads\/2018\/04\/DIXON-7070-CABLE-UTP-CAT5E-4-Pares-x-24-AWG-100-350-MHZ-EXTERIORES_1.jpg\" title=\"DIXON 7070 CABLE UTP CAT5E 4 Pares x 24 AWG 100 &#8211; 350 MHZ EXTERIORES_1\"><img decoding=\"async\" src=\"https:\/\/isce.com.pe\/wp-content\/uploads\/2018\/04\/DIXON-7070-CABLE-UTP-CAT5E-4-Pares-x-24-AWG-100-350-MHZ-EXTERIORES_1-182x100.jpg\" alt=\"DIXON 7070 CABLE UTP CAT5E 4 Pares x 24 AWG 100 &#8211; 350 MHZ EXTERIORES_1\" \/><span class=\"su-carousel-slide-title\">DIXON 7070 CABLE UTP CAT5E 4 Pares x 24 AWG 100 &#8211; 350 MHZ EXTERIORES_1<\/span><\/a><\/div><div class=\"su-carousel-slide\"><a href=\"https:\/\/isce.com.pe\/wp-content\/uploads\/2018\/04\/DIXON-7070-CABLE-UTP-CAT5E-4-Pares-x-24-AWG-100-350-MHZ-EXTERIORES_2.jpg\" title=\"DIXON 7070 CABLE UTP CAT5E 4 Pares x 24 AWG 100 &#8211; 350 MHZ EXTERIORES_2\"><img decoding=\"async\" src=\"https:\/\/isce.com.pe\/wp-content\/uploads\/2018\/04\/DIXON-7070-CABLE-UTP-CAT5E-4-Pares-x-24-AWG-100-350-MHZ-EXTERIORES_2-182x100.jpg\" alt=\"DIXON 7070 CABLE UTP CAT5E 4 Pares x 24 AWG 100 &#8211; 350 MHZ EXTERIORES_2\" \/><span class=\"su-carousel-slide-title\">DIXON 7070 CABLE UTP CAT5E 4 Pares x 24 AWG 100 &#8211; 350 MHZ EXTERIORES_2<\/span><\/a><\/div><div class=\"su-carousel-slide\"><a href=\"https:\/\/isce.com.pe\/wp-content\/uploads\/2018\/04\/DIXON-7070-CABLE-UTP-CAT5E-4-Pares-x-24-AWG-100-350-MHZ-EXTERIORES_3.jpg\" title=\"DIXON 7070 CABLE UTP CAT5E 4 Pares x 24 AWG 100 &#8211; 350 MHZ EXTERIORES_3\"><img decoding=\"async\" src=\"https:\/\/isce.com.pe\/wp-content\/uploads\/2018\/04\/DIXON-7070-CABLE-UTP-CAT5E-4-Pares-x-24-AWG-100-350-MHZ-EXTERIORES_3-182x100.jpg\" alt=\"DIXON 7070 CABLE UTP CAT5E 4 Pares x 24 AWG 100 &#8211; 350 MHZ EXTERIORES_3\" \/><span class=\"su-carousel-slide-title\">DIXON 7070 CABLE UTP CAT5E 4 Pares x 24 AWG 100 &#8211; 350 MHZ EXTERIORES_3<\/span><\/a><\/div><div class=\"su-carousel-slide\"><a href=\"https:\/\/isce.com.pe\/wp-content\/uploads\/2018\/04\/DIXON-7070-CABLE-UTP-CAT5E-4-Pares-x-24-AWG-100-350-MHZ-EXTERIORES_4.jpg\" title=\"DIXON 7070 CABLE UTP CAT5E 4 Pares x 24 AWG 100 &#8211; 350 MHZ EXTERIORES_4\"><img decoding=\"async\" src=\"https:\/\/isce.com.pe\/wp-content\/uploads\/2018\/04\/DIXON-7070-CABLE-UTP-CAT5E-4-Pares-x-24-AWG-100-350-MHZ-EXTERIORES_4-182x100.jpg\" alt=\"DIXON 7070 CABLE UTP CAT5E 4 Pares x 24 AWG 100 &#8211; 350 MHZ EXTERIORES_4\" \/><span class=\"su-carousel-slide-title\">DIXON 7070 CABLE UTP CAT5E 4 Pares x 24 AWG 100 &#8211; 350 MHZ EXTERIORES_4<\/span><\/a><\/div><div class=\"su-carousel-slide\"><a href=\"https:\/\/isce.com.pe\/wp-content\/uploads\/2018\/04\/DIXON-7070-CABLE-UTP-CAT5E-4-Pares-x-24-AWG-100-350-MHZ-EXTERIORES_5.jpg\" title=\"DIXON 7070 CABLE UTP CAT5E 4 Pares x 24 AWG 100 &#8211; 350 MHZ EXTERIORES_5\"><img decoding=\"async\" src=\"https:\/\/isce.com.pe\/wp-content\/uploads\/2018\/04\/DIXON-7070-CABLE-UTP-CAT5E-4-Pares-x-24-AWG-100-350-MHZ-EXTERIORES_5-182x100.jpg\" alt=\"DIXON 7070 CABLE UTP CAT5E 4 Pares x 24 AWG 100 &#8211; 350 MHZ EXTERIORES_5\" \/><span class=\"su-carousel-slide-title\">DIXON 7070 CABLE UTP CAT5E 4 Pares x 24 AWG 100 &#8211; 350 MHZ EXTERIORES_5<\/span><\/a><\/div><div class=\"su-carousel-slide\"><a href=\"https:\/\/isce.com.pe\/wp-content\/uploads\/2018\/04\/DIXON-7070-CABLE-UTP-CAT5E-4-Pares-x-24-AWG-100-350-MHZ-EXTERIORES_6.jpg\" title=\"DIXON 7070 CABLE UTP CAT5E 4 Pares x 24 AWG 100 &#8211; 350 MHZ EXTERIORES_6\"><img decoding=\"async\" src=\"https:\/\/isce.com.pe\/wp-content\/uploads\/2018\/04\/DIXON-7070-CABLE-UTP-CAT5E-4-Pares-x-24-AWG-100-350-MHZ-EXTERIORES_6-182x100.jpg\" alt=\"DIXON 7070 CABLE UTP CAT5E 4 Pares x 24 AWG 100 &#8211; 350 MHZ EXTERIORES_6\" \/><span class=\"su-carousel-slide-title\">DIXON 7070 CABLE UTP CAT5E 4 Pares x 24 AWG 100 &#8211; 350 MHZ EXTERIORES_6<\/span><\/a><\/div><div class=\"su-carousel-slide\"><a href=\"https:\/\/isce.com.pe\/wp-content\/uploads\/2018\/04\/DIXON-7070-CABLE-UTP-CAT5E-4-Pares-x-24-AWG-100-350-MHZ-EXTERIORES_7.jpg\" title=\"DIXON 7070 CABLE UTP CAT5E 4 Pares x 24 AWG 100 &#8211; 350 MHZ EXTERIORES_7\"><img decoding=\"async\" src=\"https:\/\/isce.com.pe\/wp-content\/uploads\/2018\/04\/DIXON-7070-CABLE-UTP-CAT5E-4-Pares-x-24-AWG-100-350-MHZ-EXTERIORES_7-182x100.jpg\" alt=\"DIXON 7070 CABLE UTP CAT5E 4 Pares x 24 AWG 100 &#8211; 350 MHZ EXTERIORES_7\" \/><span class=\"su-carousel-slide-title\">DIXON 7070 CABLE UTP CAT5E 4 Pares x 24 AWG 100 &#8211; 350 MHZ EXTERIORES_7<\/span><\/a><\/div><\/div><div class=\"su-carousel-nav\"><div class=\"su-carousel-direction\"><span class=\"su-carousel-prev\"><\/span><span class=\"su-carousel-next\"><\/span><\/div><div class=\"su-carousel-pagination\"><\/div><\/div><\/div>\n<a href=\"http:\/\/isce.com.pe\/index.php\/gabinetes\/\" class=\"su-button su-button-style-default\" style=\"color:#FFFFFF;background-color:#ef8c2d;border-color:#bf7024;border-radius:5px;-moz-border-radius:5px;-webkit-border-radius:5px\" target=\"_self\"><span style=\"color:#FFFFFF;padding:6px 16px;font-size:13px;line-height:20px;border-color:#f4af6c;border-radius:5px;-moz-border-radius:5px;-webkit-border-radius:5px;text-shadow:none;-moz-text-shadow:none;-webkit-text-shadow:none\"><i class=\"fa fa-arrow-left\" style=\"font-size:13px;color:#FFFFFF\"><\/i> Volver<\/span><\/a>\n","protected":false},"excerpt":{"rendered":"<p><span style=\"color: #ffffff;\">[su_expand more_text=\"Mostrar m\u00e1s\" less_text=\"Mostrar menos\" height=\"80\" link_color=\"#ef4e00\" link_style=\"button\" more_icon=\"icon: arrow-down\" less_icon=\"icon: arrow-up\"]<\/span><\/p>\n<table class=\"banane\" style=\"border-color: #f77707; background-color: #f77707;\" border=\"0\" cellspacing=\"0\" cellpadding=\"0\">\n<tbody>\n<tr>\n<td class=\"prismatable0 \" style=\"text-align: center;\"><em><strong><span style=\"font-size: 18pt; color: #333333;\">Descripci\u00f3n<\/span><\/strong><\/em><\/td>\n<\/tr>\n<tr>\n<td class=\"prismatable0 \"><strong><span style=\"color: #333333;\">4 conductores calibre 24 AWG.<\/span><\/strong><\/td>\n<\/tr>\n<tr>\n<td class=\"prismatable0 \"><strong><span style=\"color: #333333;\">Cable UTP (Unshielded Twisted Pair \u2013 Par trenzado no apantallado)<\/span><\/strong><\/td>\n<\/tr>\n<tr>\n<td class=\"prismatable0 \"><span style=\"color: #333333;\"><b>Conductores de cobre s\u00f3lido con chaqueta de Polietileno (PE)<\/b><\/span><\/td>\n<\/tr>\n<tr>\n<td class=\"prismatable0 \"><span style=\"color: #333333;\"><b>Relleno de Gel.<\/b><\/span><\/td>\n<\/tr>\n<\/tbody>\n<\/table>\n<p><span style=\"color: #ffffff;\">[\/su_expand]<\/span><\/p>\n<p><span style=\"color: #ffffff;\">[su_expand more_text=\"Mostrar m\u00e1s\" less_text=\"Mostrar menos\" height=\"50\" link_color=\"#ef4e00\" link_style=\"button\" more_icon=\"icon: arrow-down\" less_icon=\"icon: arrow-up\"]<\/span><\/p>\n<table class=\"banane\" style=\"border-color: #f77707; background-color: #f77707;\" border=\"0\" cellspacing=\"0\" cellpadding=\"0\">\n<tbody>\n<tr>\n<td class=\"prismatable0 \" style=\"text-align: center;\" colspan=\"2\"><em><strong><span style=\"font-size: 18pt; color: #333333;\">Aplicaciones<\/span><\/strong><\/em><\/td>\n<\/tr>\n<tr>\n<td class=\"prismatable0 \"><strong><span style=\"color: #333333;\">Los cables son empleados para aplicaciones Ethernet, 100 Base TX, 100 Base VG, Video, Video digital, 200<br \/>\nMhz Categor\u00eda 5e, RS-422, AES EBU, aplicaci\u00f3n para exteriores.<br \/>\n<\/span><\/strong><\/td>\n<\/tr>\n<\/tbody>\n<\/table>\n<p><span style=\"color: #ffffff;\">[\/su_expand]<\/span><\/p>\n<p><span style=\"color: #ffffff;\">[su_expand more_text=\"Mostrar m\u00e1s\" less_text=\"Mostrar menos\" height=\"50\" link_color=\"#ef4e00\" link_style=\"button\" more_icon=\"icon: arrow-down\" less_icon=\"icon: arrow-up\"]<\/span><\/p>\n<table class=\"banane\" style=\"border-color: #f77707; background-color: #f77707;\" border=\"0\" cellspacing=\"0\" cellpadding=\"0\">\n<tbody>\n<tr>\n<td class=\"prismatable0 \" style=\"text-align: center;\" colspan=\"2\"><em><strong><span style=\"font-size: 18pt; color: #333333;\">Caracter\u00edsticas F\u00edsicas del Conductor<\/span><\/strong><\/em><\/td>\n<\/tr>\n<tr>\n<td class=\"prismatable0 \"><strong><span style=\"color: #333333;\">N\u00famero de pares:<\/span><\/strong><\/td>\n<td class=\"prismatable0 \"><strong><span style=\"color: #333333;\">04<\/span><\/strong><\/td>\n<\/tr>\n<tr>\n<td class=\"prismatable1 \"><strong><span style=\"color: #333333;\">Calibre:<br \/>\n<\/span><\/strong><\/td>\n<td class=\"prismatable1 \"><strong><span style=\"color: #333333;\">24 AWG<\/span><\/strong><\/td>\n<\/tr>\n<tr>\n<td class=\"prismatable0 \"><strong><span style=\"color: #333333;\">Conductor:<br \/>\n<\/span><\/strong><\/td>\n<td class=\"prismatable0 \"><strong><span style=\"color: #333333;\">N\u00facleo s\u00f3lido<\/span><\/strong><\/td>\n<\/tr>\n<tr>\n<td class=\"prismatable0 \"><strong><span style=\"color: #333333;\">Material del conductor:<br \/>\n<\/span><\/strong><\/td>\n<td class=\"prismatable0 \"><strong><span style=\"color: #333333;\">cobre<\/span><\/strong><\/td>\n<\/tr>\n<tr>\n<td class=\"prismatable1 \"><strong><span style=\"color: #333333;\">Di\u00e1metro de conductor:<\/span><\/strong><\/td>\n<td class=\"prismatable1 \"><span style=\"color: #333333;\"><b>0.50 mm.<\/b><\/span><\/td>\n<\/tr>\n<\/tbody>\n<\/table>\n<p><span style=\"color: #ffffff;\">[\/su_expand]<\/span><\/p>\n<p><span style=\"color: #ffffff;\">[su_expand more_text=\"Mostrar m\u00e1s\" less_text=\"Mostrar menos\" height=\"50\" link_color=\"#ef4e00\" link_style=\"button\" more_icon=\"icon: arrow-down\" less_icon=\"icon: arrow-up\"]<\/span><\/p>\n<table class=\"banane\" style=\"border-color: #f77707; background-color: #f77707;\" border=\"0\" cellspacing=\"0\" cellpadding=\"0\">\n<tbody>\n<tr>\n<td class=\"prismatable0 \" style=\"text-align: center;\" colspan=\"2\"><em><strong><span style=\"font-size: 18pt; color: #333333;\">Chaqueta exterior<\/span><\/strong><\/em><\/td>\n<\/tr>\n<tr>\n<td class=\"prismatable0 \"><strong><span style=\"color: #333333;\">Di\u00e1metro:<\/span><\/strong><\/td>\n<td class=\"prismatable0 \"><span style=\"color: #333333;\"><b>\u00a05.08 mm +\/- 0.20 mm<\/b><\/span><\/td>\n<\/tr>\n<tr>\n<td class=\"prismatable1 \"><strong><span style=\"color: #333333;\">Espesor de pared: <\/span><\/strong><\/td>\n<td class=\"prismatable1 \"><span style=\"color: #333333;\"><b>\u00a00.72 mm<\/b><\/span><\/td>\n<\/tr>\n<tr>\n<td class=\"prismatable0 \"><strong><span style=\"color: #333333;\">Material:<br \/>\n<\/span><\/strong><\/td>\n<td class=\"prismatable0 \"><span style=\"color: #333333;\"><b>\u00a0PE<\/b><\/span><\/td>\n<\/tr>\n<tr>\n<td class=\"prismatable0 \"><strong><span style=\"color: #333333;\">Color:<br \/>\n<\/span><\/strong><\/td>\n<td class=\"prismatable0 \"><span style=\"color: #333333;\"><b>\u00a0Gris<\/b><\/span><\/td>\n<\/tr>\n<\/tbody>\n<\/table>\n<p><span style=\"color: #ffffff;\">[\/su_expand]<\/span><\/p>\n<p><span style=\"color: #ffffff;\">[su_expand more_text=\"Mostrar m\u00e1s\" less_text=\"Mostrar menos\" height=\"50\" link_color=\"#ef4e00\" link_style=\"button\" more_icon=\"icon: arrow-down\" less_icon=\"icon: arrow-up\"]<\/span><\/p>\n<table class=\"banane\" style=\"border-color: #f77707; background-color: #f77707;\" border=\"0\" cellspacing=\"0\" cellpadding=\"0\">\n<tbody>\n<tr>\n<td class=\"prismatable0 \" style=\"text-align: center;\" colspan=\"2\"><span style=\"color: #333333;\"><span style=\"font-size: 24px;\"><b><i>\u00a0Aislamiento de cada conductor<\/i><\/b><\/span><\/span><\/td>\n<\/tr>\n<tr>\n<td class=\"prismatable0 \"><span style=\"color: #333333;\"><b>\u00a0Material de Aislamiento:<\/b><\/span><\/td>\n<td class=\"prismatable0 \"><span style=\"color: #333333;\"><b>\u00a0Polietileno (PE)<\/b><\/span><\/td>\n<\/tr>\n<tr>\n<td class=\"prismatable1 \"><span style=\"color: #333333;\"><b>\u00a0Di\u00e1metro aislamiento:<\/b><\/span><\/td>\n<td class=\"prismatable1 \"><span style=\"color: #333333;\"><b>\u00a00.90 mm<\/b><\/span><\/td>\n<\/tr>\n<tr>\n<td class=\"prismatable0 \" style=\"text-align: left; padding-left: 30px;\" colspan=\"2\"><span style=\"color: #333333;\"><b>\u00a0<span style=\"font-size: 14pt;\">Color de cada par:<\/span><\/b><\/span><\/td>\n<\/tr>\n<tr>\n<td class=\"prismatable0 \"><strong><span style=\"color: #333333;\">\u00a0Par 1: <\/span><\/strong><\/td>\n<td class=\"prismatable0 \"><span style=\"color: #333333;\"><b> Azul &amp; Azul\/Blanco.<\/b><\/span><\/td>\n<\/tr>\n<tr>\n<td class=\"prismatable0 \"><strong><span style=\"color: #333333;\">Par 2:<\/span><\/strong><\/td>\n<td class=\"prismatable0 \"><span style=\"color: #333333;\"><b>Anaranjado &amp; Anaranjado\/Blanco<\/b><\/span><\/td>\n<\/tr>\n<tr>\n<td class=\"prismatable0 \"><strong><span style=\"color: #333333;\">Par 3:<\/span><\/strong><\/td>\n<td class=\"prismatable0 \"><span style=\"color: #333333;\"><b>Verde &amp; Verde\/ Blanco<\/b><\/span><\/td>\n<\/tr>\n<tr>\n<td class=\"prismatable0 \"><strong><span style=\"color: #333333;\">Par 4:<\/span><\/strong><\/td>\n<td class=\"prismatable0 \"><span style=\"color: #333333;\"><b>Marr\u00f3n &amp; Marr\u00f3n\/Blanco<\/b><\/span><\/td>\n<\/tr>\n<\/tbody>\n<\/table>\n<p><span style=\"color: #ffffff;\">[\/su_expand]<\/span><\/p>\n<p>&nbsp;<\/p>\n<p><span style=\"color: #ffffff;\">[su_expand more_text=\"Mostrar m\u00e1s\" less_text=\"Mostrar menos\" height=\"50\" link_color=\"#ef4e00\" link_style=\"button\" more_icon=\"icon: arrow-down\" less_icon=\"icon: arrow-up\"]<\/span><\/p>\n<table class=\"banane\" style=\"border-color: #f77707; background-color: #f77707;\" border=\"0\" cellspacing=\"0\" cellpadding=\"0\">\n<tbody>\n<tr>\n<td class=\"prismatable0 \" style=\"text-align: center;\" colspan=\"2\"><span style=\"color: #333333;\"><span style=\"font-size: 24px;\"><b><i>\u00a0Cumple Normas<\/i><\/b><\/span><\/span><\/td>\n<\/tr>\n<tr>\n<td class=\"prismatable0 \" colspan=\"2\"><span style=\"color: #333333;\"><b>\u00a0TIA\/EIA 568C.2<\/b><\/span><\/td>\n<\/tr>\n<\/tbody>\n<\/table>\n<p><span style=\"color: #ffffff;\">[\/su_expand]<\/span><\/p>\n<p><span style=\"color: #ffffff;\"> [su_expand more_text=\"Mostrar m\u00e1s\" less_text=\"Mostrar menos\" height=\"50\" link_color=\"#ef4e00\" link_style=\"button\" more_icon=\"icon: arrow-down\" less_icon=\"icon: arrow-up\"]<\/span><\/p>\n<table class=\"banane\" style=\"border-color: #f77707; background-color: #f77707;\" border=\"0\" cellspacing=\"0\" cellpadding=\"0\">\n<tbody>\n<tr>\n<td class=\"prismatable0 \" style=\"text-align: center;\" colspan=\"2\"><span style=\"color: #333333;\"><span style=\"font-size: 24px;\"><b><i>\u00a0\u00a0Caracter\u00edsticas Mec\u00e1nicas y El\u00e9ctricas<\/i><\/b><\/span><\/span><\/td>\n<\/tr>\n<tr>\n<td class=\"prismatable0 \"><span style=\"color: #333333;\"><b>\u00a0Temperatura de Operaci\u00f3n:<\/b><\/span><\/td>\n<td class=\"prismatable0 \"><span style=\"color: #333333;\"><b>\u00a0-40\u00b0C a 60\u00b0C<\/b><\/span><\/td>\n<\/tr>\n<tr>\n<td class=\"prismatable0 \"><span style=\"color: #333333;\"><b>\u00a0Inductancia nominal:<\/b><\/span><\/td>\n<td class=\"prismatable0 \"><span style=\"color: #333333;\"><b>\u00a024.5 \u03bcH\/ft.<\/b><\/span><\/td>\n<\/tr>\n<tr>\n<td class=\"prismatable0 \"><span style=\"color: #333333;\"><b>\u00a0Resistencia nominal en voltaje Continuo:<\/b><\/span><\/td>\n<td class=\"prismatable0 \"><span style=\"color: #333333;\"><b>\u00a015.7 ohm x 305 mts. a 20\u00b0C<\/b><\/span><\/td>\n<\/tr>\n<tr>\n<td class=\"prismatable0 \"><span style=\"color: #333333;\"><b>\u00a0Corriente recomendada Max:<\/b><\/span><\/td>\n<td class=\"prismatable0 \"><span style=\"color: #333333;\"><b>\u00a02.2 Amp. por conductor a 25\u00b0C<\/b><\/span><\/td>\n<\/tr>\n<tr>\n<td class=\"prismatable0 \"><span style=\"color: #333333;\"><b>\u00a0Tensi\u00f3n max Recomendada:<\/b><\/span><\/td>\n<td class=\"prismatable0 \"><span style=\"color: #333333;\"><b>\u00a035 Lbs<\/b><\/span><\/td>\n<\/tr>\n<\/tbody>\n<\/table>\n<p><span style=\"color: #ffffff;\">[\/su_expand]<\/span><\/p>\n<p><span style=\"color: #ffffff;\">[su_expand more_text=\"Mostrar m\u00e1s\" less_text=\"Mostrar menos\" height=\"50\" link_color=\"#ef4e00\" link_style=\"button\" more_icon=\"icon: arrow-down\" less_icon=\"icon: arrow-up\"]<\/span><\/p>\n<table class=\"banane\" style=\"border-color: #f77707; background-color: #f77707;\" border=\"0\" cellspacing=\"0\" cellpadding=\"0\">\n<tbody>\n<tr>\n<td class=\"prismatable0 \" style=\"text-align: center;\" colspan=\"2\"><span style=\"color: #333333;\"><span style=\"font-size: 24px;\"><b><i>\u00a0Empaque<\/i><\/b><\/span><\/span><\/td>\n<\/tr>\n<tr>\n<td class=\"prismatable0 \"><span style=\"color: #333333;\"><b>\u00a0Presentaci\u00f3n:<\/b><\/span><\/td>\n<td class=\"prismatable0 \"><span style=\"color: #333333;\"><b> Caja de 1000FT (305 metros)\/carrete de Madera contrachapada.<\/b><\/span><\/td>\n<\/tr>\n<\/tbody>\n<\/table>\n<p><span style=\"color: #ffffff;\">[\/su_expand]<\/span><\/p>\n","protected":false},"featured_media":795,"comment_status":"open","ping_status":"closed","template":"","meta":[],"class_list":{"0":"post-794","1":"product","2":"type-product","3":"status-publish","4":"has-post-thumbnail","6":"product_cat-cable-utp","7":"product_cat-dixon","9":"first","10":"instock","11":"shipping-taxable","12":"product-type-simple"},"_links":{"self":[{"href":"https:\/\/isce.com.pe\/index.php\/wp-json\/wp\/v2\/product\/794","targetHints":{"allow":["GET"]}}],"collection":[{"href":"https:\/\/isce.com.pe\/index.php\/wp-json\/wp\/v2\/product"}],"about":[{"href":"https:\/\/isce.com.pe\/index.php\/wp-json\/wp\/v2\/types\/product"}],"replies":[{"embeddable":true,"href":"https:\/\/isce.com.pe\/index.php\/wp-json\/wp\/v2\/comments?post=794"}],"wp:featuredmedia":[{"embeddable":true,"href":"https:\/\/isce.com.pe\/index.php\/wp-json\/wp\/v2\/media\/795"}],"wp:attachment":[{"href":"https:\/\/isce.com.pe\/index.php\/wp-json\/wp\/v2\/media?parent=794"}],"curies":[{"name":"wp","href":"https:\/\/api.w.org\/{rel}","templated":true}]}}