{"id":818,"date":"2018-04-28T18:20:31","date_gmt":"2018-04-28T18:20:31","guid":{"rendered":"http:\/\/isce.com.pe\/?post_type=product&#038;p=818"},"modified":"2018-04-28T18:58:42","modified_gmt":"2018-04-28T18:58:42","slug":"dixon-8010-lszh-cable-multiconductor-de-audio-control-e-instrumentacion-cable-apantallado-2-conductores-x-18-awg-chaqueta-lszh-300v","status":"publish","type":"product","link":"https:\/\/isce.com.pe\/index.php\/producto\/dixon-8010-lszh-cable-multiconductor-de-audio-control-e-instrumentacion-cable-apantallado-2-conductores-x-18-awg-chaqueta-lszh-300v\/","title":{"rendered":"DIXON 8010 LSZH Cable multiconductor de Audio, Control e Instrumentaci\u00f3n Cable Apantallado 2 Conductores x 18 AWG Chaqueta LSZH \u2013 300V."},"content":{"rendered":"<p><strong><span style=\"font-size: 14pt;\">DIXON 7540 LSZH CABLE UTP CAT 5E<\/span> <\/strong><br \/>\n4 Pares x 24 AWG 100 &#8211; 350 MHZ<br \/>\nMULTIFILAR &#8211; Chaqueta LSZH<br \/>\n<div id=\"su_carousel_69e7c20a11ec1\" class=\"su-carousel su-carousel-centered su-carousel-pages-no su-carousel-responsive-yes su-lightbox-gallery\" style=\"width:100%\" data-autoplay=\"5300\" data-speed=\"600\" data-mousewheel=\"true\" data-items=\"3\" data-scroll=\"1\"><div class=\"su-carousel-slides\"><div class=\"su-carousel-slide\"><a href=\"https:\/\/isce.com.pe\/wp-content\/uploads\/2018\/04\/DIXON-8010-LSZH-Cable-multiconductor-de-Audio-Control-e-Instrumentaci\u00f3n-Cable-Apantallado-2-Conductores-x-18-AWG-Chaqueta-LSZH-\u2013-300V_1.jpg\" title=\"DIXON 8010 LSZH Cable multiconductor de Audio, Control e Instrumentaci\u00f3n Cable Apantallado 2 Conductores x 18 AWG Chaqueta LSZH \u2013 300V_1\"><img decoding=\"async\" src=\"https:\/\/isce.com.pe\/wp-content\/uploads\/2018\/04\/DIXON-8010-LSZH-Cable-multiconductor-de-Audio-Control-e-Instrumentaci\u00f3n-Cable-Apantallado-2-Conductores-x-18-AWG-Chaqueta-LSZH-\u2013-300V_1-182x100.jpg\" alt=\"DIXON 8010 LSZH Cable multiconductor de Audio, Control e Instrumentaci\u00f3n Cable Apantallado 2 Conductores x 18 AWG Chaqueta LSZH \u2013 300V_1\" \/><span class=\"su-carousel-slide-title\">DIXON 8010 LSZH Cable multiconductor de Audio, Control e Instrumentaci\u00f3n Cable Apantallado 2 Conductores x 18 AWG Chaqueta LSZH \u2013 300V_1<\/span><\/a><\/div><div class=\"su-carousel-slide\"><a href=\"https:\/\/isce.com.pe\/wp-content\/uploads\/2018\/04\/DIXON-8010-LSZH-Cable-multiconductor-de-Audio-Control-e-Instrumentaci\u00f3n-Cable-Apantallado-2-Conductores-x-18-AWG-Chaqueta-LSZH-\u2013-300V_2.jpg\" title=\"DIXON 8010 LSZH Cable multiconductor de Audio, Control e Instrumentaci\u00f3n Cable Apantallado 2 Conductores x 18 AWG Chaqueta LSZH \u2013 300V_2\"><img decoding=\"async\" src=\"https:\/\/isce.com.pe\/wp-content\/uploads\/2018\/04\/DIXON-8010-LSZH-Cable-multiconductor-de-Audio-Control-e-Instrumentaci\u00f3n-Cable-Apantallado-2-Conductores-x-18-AWG-Chaqueta-LSZH-\u2013-300V_2-182x100.jpg\" alt=\"DIXON 8010 LSZH Cable multiconductor de Audio, Control e Instrumentaci\u00f3n Cable Apantallado 2 Conductores x 18 AWG Chaqueta LSZH \u2013 300V_2\" \/><span class=\"su-carousel-slide-title\">DIXON 8010 LSZH Cable multiconductor de Audio, Control e Instrumentaci\u00f3n Cable Apantallado 2 Conductores x 18 AWG Chaqueta LSZH \u2013 300V_2<\/span><\/a><\/div><div class=\"su-carousel-slide\"><a href=\"https:\/\/isce.com.pe\/wp-content\/uploads\/2018\/04\/DIXON-8010-LSZH-Cable-multiconductor-de-Audio-Control-e-Instrumentaci\u00f3n-Cable-Apantallado-2-Conductores-x-18-AWG-Chaqueta-LSZH-\u2013-300V_3.jpg\" title=\"DIXON 8010 LSZH Cable multiconductor de Audio, Control e Instrumentaci\u00f3n Cable Apantallado 2 Conductores x 18 AWG Chaqueta LSZH \u2013 300V_3\"><img decoding=\"async\" src=\"https:\/\/isce.com.pe\/wp-content\/uploads\/2018\/04\/DIXON-8010-LSZH-Cable-multiconductor-de-Audio-Control-e-Instrumentaci\u00f3n-Cable-Apantallado-2-Conductores-x-18-AWG-Chaqueta-LSZH-\u2013-300V_3-182x100.jpg\" alt=\"DIXON 8010 LSZH Cable multiconductor de Audio, Control e Instrumentaci\u00f3n Cable Apantallado 2 Conductores x 18 AWG Chaqueta LSZH \u2013 300V_3\" \/><span class=\"su-carousel-slide-title\">DIXON 8010 LSZH Cable multiconductor de Audio, Control e Instrumentaci\u00f3n Cable Apantallado 2 Conductores x 18 AWG Chaqueta LSZH \u2013 300V_3<\/span><\/a><\/div><div class=\"su-carousel-slide\"><a href=\"https:\/\/isce.com.pe\/wp-content\/uploads\/2018\/04\/DIXON-8010-LSZH-Cable-multiconductor-de-Audio-Control-e-Instrumentaci\u00f3n-Cable-Apantallado-2-Conductores-x-18-AWG-Chaqueta-LSZH-\u2013-300V_4.jpg\" title=\"DIXON 8010 LSZH Cable multiconductor de Audio, Control e Instrumentaci\u00f3n Cable Apantallado 2 Conductores x 18 AWG Chaqueta LSZH \u2013 300V_4\"><img decoding=\"async\" src=\"https:\/\/isce.com.pe\/wp-content\/uploads\/2018\/04\/DIXON-8010-LSZH-Cable-multiconductor-de-Audio-Control-e-Instrumentaci\u00f3n-Cable-Apantallado-2-Conductores-x-18-AWG-Chaqueta-LSZH-\u2013-300V_4-182x100.jpg\" alt=\"DIXON 8010 LSZH Cable multiconductor de Audio, Control e Instrumentaci\u00f3n Cable Apantallado 2 Conductores x 18 AWG Chaqueta LSZH \u2013 300V_4\" \/><span class=\"su-carousel-slide-title\">DIXON 8010 LSZH Cable multiconductor de Audio, Control e Instrumentaci\u00f3n Cable Apantallado 2 Conductores x 18 AWG Chaqueta LSZH \u2013 300V_4<\/span><\/a><\/div><div class=\"su-carousel-slide\"><a href=\"https:\/\/isce.com.pe\/wp-content\/uploads\/2018\/04\/DIXON-8010-LSZH-Cable-multiconductor-de-Audio-Control-e-Instrumentaci\u00f3n-Cable-Apantallado-2-Conductores-x-18-AWG-Chaqueta-LSZH-\u2013-300V_5.jpg\" title=\"DIXON 8010 LSZH Cable multiconductor de Audio, Control e Instrumentaci\u00f3n Cable Apantallado 2 Conductores x 18 AWG Chaqueta LSZH \u2013 300V_5\"><img decoding=\"async\" src=\"https:\/\/isce.com.pe\/wp-content\/uploads\/2018\/04\/DIXON-8010-LSZH-Cable-multiconductor-de-Audio-Control-e-Instrumentaci\u00f3n-Cable-Apantallado-2-Conductores-x-18-AWG-Chaqueta-LSZH-\u2013-300V_5-182x100.jpg\" alt=\"DIXON 8010 LSZH Cable multiconductor de Audio, Control e Instrumentaci\u00f3n Cable Apantallado 2 Conductores x 18 AWG Chaqueta LSZH \u2013 300V_5\" \/><span class=\"su-carousel-slide-title\">DIXON 8010 LSZH Cable multiconductor de Audio, Control e Instrumentaci\u00f3n Cable Apantallado 2 Conductores x 18 AWG Chaqueta LSZH \u2013 300V_5<\/span><\/a><\/div><div class=\"su-carousel-slide\"><a href=\"https:\/\/isce.com.pe\/wp-content\/uploads\/2018\/04\/DIXON-8010-LSZH-Cable-multiconductor-de-Audio-Control-e-Instrumentaci\u00f3n-Cable-Apantallado-2-Conductores-x-18-AWG-Chaqueta-LSZH-\u2013-300V_6.jpg\" title=\"DIXON 8010 LSZH Cable multiconductor de Audio, Control e Instrumentaci\u00f3n Cable Apantallado 2 Conductores x 18 AWG Chaqueta LSZH \u2013 300V_6\"><img decoding=\"async\" src=\"https:\/\/isce.com.pe\/wp-content\/uploads\/2018\/04\/DIXON-8010-LSZH-Cable-multiconductor-de-Audio-Control-e-Instrumentaci\u00f3n-Cable-Apantallado-2-Conductores-x-18-AWG-Chaqueta-LSZH-\u2013-300V_6-182x100.jpg\" alt=\"DIXON 8010 LSZH Cable multiconductor de Audio, Control e Instrumentaci\u00f3n Cable Apantallado 2 Conductores x 18 AWG Chaqueta LSZH \u2013 300V_6\" \/><span class=\"su-carousel-slide-title\">DIXON 8010 LSZH Cable multiconductor de Audio, Control e Instrumentaci\u00f3n Cable Apantallado 2 Conductores x 18 AWG Chaqueta LSZH \u2013 300V_6<\/span><\/a><\/div><div class=\"su-carousel-slide\"><a href=\"https:\/\/isce.com.pe\/wp-content\/uploads\/2018\/04\/DIXON-8010-LSZH-Cable-multiconductor-de-Audio-Control-e-Instrumentaci\u00f3n-Cable-Apantallado-2-Conductores-x-18-AWG-Chaqueta-LSZH-\u2013-300V_7.jpg\" title=\"DIXON 8010 LSZH Cable multiconductor de Audio, Control e Instrumentaci\u00f3n Cable Apantallado 2 Conductores x 18 AWG Chaqueta LSZH \u2013 300V_7\"><img decoding=\"async\" src=\"https:\/\/isce.com.pe\/wp-content\/uploads\/2018\/04\/DIXON-8010-LSZH-Cable-multiconductor-de-Audio-Control-e-Instrumentaci\u00f3n-Cable-Apantallado-2-Conductores-x-18-AWG-Chaqueta-LSZH-\u2013-300V_7-182x100.jpg\" alt=\"DIXON 8010 LSZH Cable multiconductor de Audio, Control e Instrumentaci\u00f3n Cable Apantallado 2 Conductores x 18 AWG Chaqueta LSZH \u2013 300V_7\" \/><span class=\"su-carousel-slide-title\">DIXON 8010 LSZH Cable multiconductor de Audio, Control e Instrumentaci\u00f3n Cable Apantallado 2 Conductores x 18 AWG Chaqueta LSZH \u2013 300V_7<\/span><\/a><\/div><div class=\"su-carousel-slide\"><a href=\"https:\/\/isce.com.pe\/wp-content\/uploads\/2018\/04\/DIXON-8010-LSZH-Cable-multiconductor-de-Audio-Control-e-Instrumentaci\u00f3n-Cable-Apantallado-2-Conductores-x-18-AWG-Chaqueta-LSZH-\u2013-300V_8.jpg\" title=\"DIXON 8010 LSZH Cable multiconductor de Audio, Control e Instrumentaci\u00f3n Cable Apantallado 2 Conductores x 18 AWG Chaqueta LSZH \u2013 300V_8\"><img decoding=\"async\" src=\"https:\/\/isce.com.pe\/wp-content\/uploads\/2018\/04\/DIXON-8010-LSZH-Cable-multiconductor-de-Audio-Control-e-Instrumentaci\u00f3n-Cable-Apantallado-2-Conductores-x-18-AWG-Chaqueta-LSZH-\u2013-300V_8-182x100.jpg\" alt=\"DIXON 8010 LSZH Cable multiconductor de Audio, Control e Instrumentaci\u00f3n Cable Apantallado 2 Conductores x 18 AWG Chaqueta LSZH \u2013 300V_8\" \/><span class=\"su-carousel-slide-title\">DIXON 8010 LSZH Cable multiconductor de Audio, Control e Instrumentaci\u00f3n Cable Apantallado 2 Conductores x 18 AWG Chaqueta LSZH \u2013 300V_8<\/span><\/a><\/div><\/div><div class=\"su-carousel-nav\"><div class=\"su-carousel-direction\"><span class=\"su-carousel-prev\"><\/span><span class=\"su-carousel-next\"><\/span><\/div><div class=\"su-carousel-pagination\"><\/div><\/div><\/div>\n<a href=\"http:\/\/isce.com.pe\/index.php\/gabinetes\/\" class=\"su-button su-button-style-default\" style=\"color:#FFFFFF;background-color:#ef8c2d;border-color:#bf7024;border-radius:5px;-moz-border-radius:5px;-webkit-border-radius:5px\" target=\"_self\"><span style=\"color:#FFFFFF;padding:6px 16px;font-size:13px;line-height:20px;border-color:#f4af6c;border-radius:5px;-moz-border-radius:5px;-webkit-border-radius:5px;text-shadow:none;-moz-text-shadow:none;-webkit-text-shadow:none\"><i class=\"fa fa-arrow-left\" style=\"font-size:13px;color:#FFFFFF\"><\/i> Volver<\/span><\/a>\n","protected":false},"excerpt":{"rendered":"<p><span style=\"color: #ffffff;\">[su_expand more_text=\"Mostrar m\u00e1s\" less_text=\"Mostrar menos\" height=\"80\" link_color=\"#ef4e00\" link_style=\"button\" more_icon=\"icon: arrow-down\" less_icon=\"icon: arrow-up\"]<\/span><\/p>\n<table class=\"banane\" style=\"border-color: #f77707; background-color: #f77707;\" border=\"0\" cellspacing=\"0\" cellpadding=\"0\">\n<tbody>\n<tr>\n<td class=\"prismatable0 \" style=\"text-align: center;\"><em><strong><span style=\"font-size: 18pt; color: #333333;\">Descripci\u00f3n<\/span><\/strong><\/em><\/td>\n<\/tr>\n<tr>\n<td class=\"prismatable0 \"><span style=\"color: #333333;\"><b>\u00a02 conductores calibre 18 AWG (16&#215;32)<\/b><\/span><\/td>\n<\/tr>\n<tr>\n<td class=\"prismatable0 \"><span style=\"color: #333333;\"><b>\u00a0Conductores trenzados, pantalla general de aluminio (100%\u00a0cobertura)<\/b><\/span><\/td>\n<\/tr>\n<tr>\n<td class=\"prismatable0 \"><span style=\"color: #333333;\"><b>\u00a0Cable de descarga calibre 20 AWG<\/b><\/span><\/td>\n<\/tr>\n<tr>\n<td class=\"prismatable0 \"><span style=\"color: #333333;\"><b>\u00a0Chaqueta exterior LSZH (Low Smoke Zero Halogen \u2013 Baja emisi\u00f3n de humos cero hal\u00f3genos)<\/b><\/span><\/td>\n<\/tr>\n<\/tbody>\n<\/table>\n<p><span style=\"color: #ffffff;\">[\/su_expand]<\/span><\/p>\n<p><span style=\"color: #ffffff;\">[su_expand more_text=\"Mostrar m\u00e1s\" less_text=\"Mostrar menos\" height=\"50\" link_color=\"#ef4e00\" link_style=\"button\" more_icon=\"icon: arrow-down\" less_icon=\"icon: arrow-up\"]<\/span><\/p>\n<table class=\"banane\" style=\"border-color: #f77707; background-color: #f77707;\" border=\"0\" cellspacing=\"0\" cellpadding=\"0\">\n<tbody>\n<tr>\n<td class=\"prismatable0 \" style=\"text-align: center;\" colspan=\"2\"><em><strong><span style=\"font-size: 18pt; color: #333333;\">Aplicaciones<\/span><\/strong><\/em><\/td>\n<\/tr>\n<tr>\n<td class=\"prismatable0 \" style=\"text-align: justify;\"><strong><span style=\"color: #333333;\">Los cables son empleados para transmitir se\u00f1ales digitales y anal\u00f3gicas (4-20mA) en circuitos de instrumentaci\u00f3n\u00a0y seguridad, medici\u00f3n y monitoreo de presi\u00f3n, nivel, temperatura, volumen y monitoreo de\u00a0se\u00f1ales de alarma.\u00a0<\/span><\/strong><\/td>\n<\/tr>\n<\/tbody>\n<\/table>\n<p><span style=\"color: #ffffff;\">[\/su_expand]<\/span><\/p>\n<p><span style=\"color: #ffffff;\">[su_expand more_text=\"Mostrar m\u00e1s\" less_text=\"Mostrar menos\" height=\"50\" link_color=\"#ef4e00\" link_style=\"button\" more_icon=\"icon: arrow-down\" less_icon=\"icon: arrow-up\"]<\/span><\/p>\n<table class=\"banane\" style=\"border-color: #f77707; background-color: #f77707;\" border=\"0\" cellspacing=\"0\" cellpadding=\"0\">\n<tbody>\n<tr>\n<td class=\"prismatable0 \" style=\"text-align: center;\" colspan=\"2\"><span style=\"color: #333333;\"><span style=\"font-size: 24px;\"><b><i>\u00a0Caracter\u00edsticas F\u00edsicas<\/i><\/b><\/span><\/span><\/td>\n<\/tr>\n<tr>\n<td class=\"prismatable0 \" colspan=\"2\"><span style=\"color: #333333;\"><b>\u00a0<span style=\"font-size: 12pt;\">Conductor<\/span><\/b><\/span><\/td>\n<\/tr>\n<tr>\n<td class=\"prismatable0 \"><strong><span style=\"color: #333333;\">N\u00famero de conductores:<\/span><\/strong><\/td>\n<td class=\"prismatable0 \"><strong><span style=\"color: #333333;\">02<\/span><\/strong><\/td>\n<\/tr>\n<tr>\n<td class=\"prismatable1 \"><strong><span style=\"color: #333333;\">Calibre:<br \/>\n<\/span><\/strong><\/td>\n<td class=\"prismatable1 \"><span style=\"color: #333333;\"><b>18 AWG<\/b><\/span><\/td>\n<\/tr>\n<tr>\n<td class=\"prismatable0 \"><strong><span style=\"color: #333333;\">Conductor extra flexible: <\/span><\/strong><\/td>\n<td class=\"prismatable0 \"><span style=\"color: #333333;\"><b>16&#215;32<\/b><\/span><\/td>\n<\/tr>\n<tr>\n<td class=\"prismatable0 \"><strong><span style=\"color: #333333;\">Material del conductor:<br \/>\n<\/span><\/strong><\/td>\n<td class=\"prismatable0 \"><span style=\"color: #333333;\"><b>Cobre esta\u00f1ado<\/b><\/span><\/td>\n<\/tr>\n<tr>\n<td class=\"prismatable1 \" colspan=\"2\"><span style=\"color: #333333; font-size: 12pt;\"><b>Apantallamiento<\/b><\/span><\/td>\n<\/tr>\n<tr>\n<td class=\"prismatable1 \" colspan=\"2\"><span style=\"color: #333333;\"><b>L\u00e1mina de Aluminio<\/b><\/span><span style=\"color: #333333;\"><b>\u00a0<\/b><\/span><\/td>\n<\/tr>\n<tr>\n<td class=\"prismatable1 \"><span style=\"color: #333333;\"><b>Cobertura:<\/b><\/span><\/td>\n<td class=\"prismatable1 \"><span style=\"color: #333333;\"><b>\u00a0100%<\/b><\/span><\/td>\n<\/tr>\n<tr>\n<td class=\"prismatable1 \" colspan=\"2\"><span style=\"color: #333333;\"><b>Protecci\u00f3n Contra interferencia electromagn\u00e9tica<\/b><\/span><span style=\"color: #333333;\"><b>\u00a0<\/b><\/span><\/td>\n<\/tr>\n<tr>\n<td class=\"prismatable1 \" colspan=\"2\"><span style=\"font-size: 12pt;\"><span style=\"color: #333333;\"><b>Cable de descarga (Conductor a tierra)<\/b><\/span><span style=\"color: #333333;\"><b>\u00a0<\/b><\/span><\/span><\/td>\n<\/tr>\n<tr>\n<td class=\"prismatable1 \"><span style=\"color: #333333;\"><b>Calibre:<\/b><\/span><\/td>\n<td class=\"prismatable1 \"><span style=\"color: #333333;\"><b>\u00a020 AWG<\/b><\/span><\/td>\n<\/tr>\n<tr>\n<td class=\"prismatable1 \"><span style=\"color: #333333;\"><b>Conductor Flexible:<\/b><\/span><\/td>\n<td class=\"prismatable1 \"><span style=\"color: #333333;\"><b>\u00a010&#215;30<\/b><\/span><\/td>\n<\/tr>\n<tr>\n<td class=\"prismatable1 \"><span style=\"color: #333333;\"><b>Material:<\/b><\/span><\/td>\n<td class=\"prismatable1 \"><span style=\"color: #333333;\"><b>\u00a0Cobre esta\u00f1ado<\/b><\/span><\/td>\n<\/tr>\n<tr>\n<td class=\"prismatable1 \" colspan=\"2\"><span style=\"font-size: 12pt;\"><span style=\"color: #333333;\"><b>Aislamiento de cada conductor<\/b><\/span><span style=\"color: #333333;\"><b>\u00a0<\/b><\/span><\/span><\/td>\n<\/tr>\n<tr>\n<td class=\"prismatable1 \"><span style=\"color: #333333;\"><b>Material de Aislamiento:<\/b><\/span><\/td>\n<td class=\"prismatable1 \"><span style=\"color: #333333;\"><b>\u00a0PVC<\/b><\/span><\/td>\n<\/tr>\n<tr>\n<td class=\"prismatable1 \"><span style=\"color: #333333;\"><b>Espesor de pared:<\/b><\/span><\/td>\n<td class=\"prismatable1 \"><span style=\"color: #333333;\"><b>\u00a00.406 mm +\/-0.1 mm<\/b><\/span><\/td>\n<\/tr>\n<tr>\n<td class=\"prismatable1 \"><span style=\"color: #333333;\"><b>Color de cada aislamiento:<\/b><\/span><\/td>\n<td class=\"prismatable1 \"><span style=\"color: #333333;\"><b>\u00a0Blanco &#8211; Negro<\/b><\/span><\/td>\n<\/tr>\n<tr>\n<td class=\"prismatable1 \" colspan=\"2\"><span style=\"font-size: 12pt;\"><span style=\"color: #333333;\"><b>Di\u00e1metro nominal total<\/b><\/span><span style=\"color: #333333;\"><b>\u00a0<\/b><\/span><\/span><\/td>\n<\/tr>\n<tr>\n<td class=\"prismatable1 \"><span style=\"color: #333333;\"><b>Di\u00e1metro nominal total:<\/b><\/span><\/td>\n<td class=\"prismatable1 \"><span style=\"color: #333333;\"><b>\u00a005.9 mm +\/- 0.15 mm<\/b><\/span><\/td>\n<\/tr>\n<\/tbody>\n<\/table>\n<p><span style=\"color: #ffffff;\">[\/su_expand]<\/span><\/p>\n<p><span style=\"color: #ffffff;\">[su_expand more_text=\"Mostrar m\u00e1s\" less_text=\"Mostrar menos\" height=\"50\" link_color=\"#ef4e00\" link_style=\"button\" more_icon=\"icon: arrow-down\" less_icon=\"icon: arrow-up\"]<\/span><\/p>\n<table class=\"banane\" style=\"border-color: #f77707; background-color: #f77707;\" border=\"0\" cellspacing=\"0\" cellpadding=\"0\">\n<tbody>\n<tr>\n<td class=\"prismatable0 \" style=\"text-align: center;\" colspan=\"2\"><em><strong><span style=\"font-size: 18pt; color: #333333;\">Chaqueta exterior<\/span><\/strong><\/em><\/td>\n<\/tr>\n<tr>\n<td class=\"prismatable0 \"><span style=\"color: #333333;\"><b>\u00a0Material:<\/b><\/span><\/td>\n<td class=\"prismatable0 \"><span style=\"color: #333333;\"><b>\u00a0LSZH (Low Smoke Zero Halogen)<\/b><\/span><\/td>\n<\/tr>\n<tr>\n<td class=\"prismatable1 \"><span style=\"color: #333333;\"><b>\u00a0Color:<\/b><\/span><\/td>\n<td class=\"prismatable1 \"><span style=\"color: #333333;\"><b>\u00a0Negro<\/b><\/span><\/td>\n<\/tr>\n<\/tbody>\n<\/table>\n<p><span style=\"color: #ffffff;\">[\/su_expand]<\/span><\/p>\n<p>&nbsp;<\/p>\n<p><span style=\"color: #ffffff;\">[su_expand more_text=\"Mostrar m\u00e1s\" less_text=\"Mostrar menos\" height=\"50\" link_color=\"#ef4e00\" link_style=\"button\" more_icon=\"icon: arrow-down\" less_icon=\"icon: arrow-up\"]<\/span><\/p>\n<table class=\"banane\" style=\"border-color: #f77707; background-color: #f77707;\" border=\"0\" cellspacing=\"0\" cellpadding=\"0\">\n<tbody>\n<tr>\n<td class=\"prismatable0 \" style=\"text-align: center;\" colspan=\"2\"><span style=\"color: #333333;\"><span style=\"font-size: 24px;\"><b><i>\u00a0Cumple con<\/i><\/b><\/span><\/span><\/td>\n<\/tr>\n<tr>\n<td class=\"prismatable0 \"><span style=\"color: #333333;\"><b>\u00a0Resistencia al fuego: <\/b><\/span><\/td>\n<td class=\"prismatable0 \"><span style=\"color: #333333;\"><b>\u00a0IEC 60332-1<\/b><\/span><\/td>\n<\/tr>\n<tr>\n<td class=\"prismatable0 \"><span style=\"color: #333333;\"><b>\u00a0Toxicidad:<\/b><\/span><\/td>\n<td class=\"prismatable0 \"><span style=\"color: #333333;\"><b>\u00a0IEC 60754-1<\/b><\/span><\/td>\n<\/tr>\n<tr>\n<td class=\"prismatable0 \"><span style=\"color: #333333;\"><b>\u00a0Gas \u00c1cido:<\/b><\/span><\/td>\n<td class=\"prismatable0 \"><span style=\"color: #333333;\"><b>\u00a0IEC 60754-2<\/b><\/span><\/td>\n<\/tr>\n<tr>\n<td class=\"prismatable0 \"><span style=\"color: #333333;\"><b>\u00a0Densidad de humo:<\/b><\/span><\/td>\n<td class=\"prismatable0 \"><span style=\"color: #333333;\"><b>\u00a0IEC 61034-2<\/b><\/span><\/td>\n<\/tr>\n<\/tbody>\n<\/table>\n<p><span style=\"color: #ffffff;\">[\/su_expand]<\/span><\/p>\n<p><span style=\"color: #ffffff;\"> [su_expand more_text=\"Mostrar m\u00e1s\" less_text=\"Mostrar menos\" height=\"50\" link_color=\"#ef4e00\" link_style=\"button\" more_icon=\"icon: arrow-down\" less_icon=\"icon: arrow-up\"]<\/span><\/p>\n<table class=\"banane\" style=\"border-color: #f77707; background-color: #f77707;\" border=\"0\" cellspacing=\"0\" cellpadding=\"0\">\n<tbody>\n<tr>\n<td class=\"prismatable0 \" style=\"text-align: center;\" colspan=\"2\"><span style=\"color: #333333;\"><span style=\"font-size: 24px;\"><b><i>\u00a0\u00a0Caracter\u00edsticas Mec\u00e1nicas y El\u00e9ctricas<\/i><\/b><\/span><\/span><\/td>\n<\/tr>\n<tr>\n<td class=\"prismatable0 \"><span style=\"color: #333333;\"><b>\u00a0Temperatura de Operaci\u00f3n:<\/b><\/span><\/td>\n<td class=\"prismatable0 \"><span style=\"color: #333333;\"><b>\u00a0\u00a0-30\u00baC a +105\u00baC<\/b><\/span><\/td>\n<\/tr>\n<tr>\n<td class=\"prismatable0 \"><span style=\"color: #333333;\"><b>\u00a0Especificaci\u00f3n NEC\/(UL):<\/b><\/span><\/td>\n<td class=\"prismatable0 \"><span style=\"color: #333333;\"><b>\u00a0CMG, ITC, PLTC.<\/b><\/span><\/td>\n<\/tr>\n<tr>\n<td class=\"prismatable0 \"><span style=\"color: #333333;\"><b>\u00a0Especificaci\u00f3n CEC\/C(UL):<\/b><\/span><\/td>\n<td class=\"prismatable0 \"><span style=\"color: #333333;\"><b>\u00a0CMG<\/b><\/span><\/td>\n<\/tr>\n<tr>\n<td class=\"prismatable0 \" colspan=\"2\"><span style=\"color: #333333;\"><b>\u00a0Voltaje de operaci\u00f3n max. 300 V RMS \/ 150 RMS ITC<\/b><\/span><\/td>\n<\/tr>\n<\/tbody>\n<\/table>\n<p><span style=\"color: #ffffff;\">[\/su_expand]<\/span><\/p>\n<p><span style=\"color: #ffffff;\">[su_expand more_text=\"Mostrar m\u00e1s\" less_text=\"Mostrar menos\" height=\"50\" link_color=\"#ef4e00\" link_style=\"button\" more_icon=\"icon: arrow-down\" less_icon=\"icon: arrow-up\"]<\/span><\/p>\n<table class=\"banane\" style=\"border-color: #f77707; background-color: #f77707;\" border=\"0\" cellspacing=\"0\" cellpadding=\"0\">\n<tbody>\n<tr>\n<td class=\"prismatable0 \" style=\"text-align: center;\" colspan=\"2\"><span style=\"color: #333333;\"><span style=\"font-size: 24px;\"><b><i>\u00a0Empaque<\/i><\/b><\/span><\/span><\/td>\n<\/tr>\n<tr>\n<td class=\"prismatable0 \"><span style=\"color: #333333;\"><b>\u00a0Presentaci\u00f3n:<\/b><\/span><\/td>\n<td class=\"prismatable0 \"><span style=\"color: #333333;\"><b>\u00a0Carrete de 1000 pies (305 metros)<\/b><\/span><\/td>\n<\/tr>\n<\/tbody>\n<\/table>\n<p><span style=\"color: #ffffff;\">[\/su_expand]<\/span><\/p>\n","protected":false},"featured_media":827,"comment_status":"open","ping_status":"closed","template":"","meta":[],"class_list":{"0":"post-818","1":"product","2":"type-product","3":"status-publish","4":"has-post-thumbnail","6":"product_cat-cable-utp","7":"product_cat-dixon","9":"first","10":"instock","11":"shipping-taxable","12":"product-type-simple"},"_links":{"self":[{"href":"https:\/\/isce.com.pe\/index.php\/wp-json\/wp\/v2\/product\/818","targetHints":{"allow":["GET"]}}],"collection":[{"href":"https:\/\/isce.com.pe\/index.php\/wp-json\/wp\/v2\/product"}],"about":[{"href":"https:\/\/isce.com.pe\/index.php\/wp-json\/wp\/v2\/types\/product"}],"replies":[{"embeddable":true,"href":"https:\/\/isce.com.pe\/index.php\/wp-json\/wp\/v2\/comments?post=818"}],"wp:featuredmedia":[{"embeddable":true,"href":"https:\/\/isce.com.pe\/index.php\/wp-json\/wp\/v2\/media\/827"}],"wp:attachment":[{"href":"https:\/\/isce.com.pe\/index.php\/wp-json\/wp\/v2\/media?parent=818"}],"curies":[{"name":"wp","href":"https:\/\/api.w.org\/{rel}","templated":true}]}}